{"id":157,"date":"2026-01-24T09:20:24","date_gmt":"2026-01-24T08:20:24","guid":{"rendered":"https:\/\/angielski-elitarnie.pl\/?page_id=157"},"modified":"2026-01-25T20:43:58","modified_gmt":"2026-01-25T19:43:58","slug":"certyfikaty","status":"publish","type":"page","link":"https:\/\/angielski-elitarnie.pl\/?page_id=157","title":{"rendered":"Certyfikaty"},"content":{"rendered":"\n<div class=\"wp-block-group alignfull is-layout-flow wp-block-group-is-layout-flow\">\n<div class=\"wp-block-create-block-certificates-section\"><section class=\"certificates-section !py-20 md:!py-32 !min-h-screen\"><div class=\"!max-w-6xl !mx-auto !px-4 sm:!px-6\"><div class=\"!text-center !mb-16 md:!mb-24\"><div class=\"!inline-flex !items-center !justify-center !mb-4\"><span class=\"!h-[1px] !w-8 md:!w-12 !bg-[#c69a48] !opacity-60\"><\/span><span class=\"!mx-4 !text-[#c69a48] !uppercase !tracking-[0.2em] !text-xs !font-bold\">CERTYFIKATY<\/span><span class=\"!h-[1px] !w-8 md:!w-12 !bg-[#c69a48] !opacity-60\"><\/span><\/div><h2 class=\"!text-4xl md:!text-5xl lg:!text-6xl !font-bold !text-[#f0eee8] !mb-6 !tracking-tight\">Moje kwalifikacje i dyplomy<\/h2><p class=\"!text-[#d7d7d2] !text-lg md:!text-xl !max-w-2xl !mx-auto !leading-relaxed !opacity-90\"><\/p><\/div><div class=\"!flex !flex-col !gap-12 md:!gap-16 lg:!gap-20 !max-w-5xl !mx-auto\"><div class=\"certificate-item !group\"><div class=\"!relative !mb-8 !transition-transform !duration-500 !ease-out group-hover:!-translate-y-2\"><div class=\"!absolute !-inset-4 !bg-[#c69a48] !rounded-[2rem] !blur-2xl !opacity-0 group-hover:!opacity-20 !transition-opacity !duration-700\"><\/div><div class=\"!relative !p-4 md:!p-6 !rounded-2xl !bg-gradient-to-br !from-[#463f2d] !to-[#2a2d25] !shadow-2xl !border !border-[#c69a48]\/30\"><div class=\"!bg-[#1a1d18] !p-3 md:!p-4 !rounded-xl !shadow-inner\"><div class=\"image-wrapper !bg-[#232720] !rounded-lg !overflow-hidden !relative\"><img decoding=\"async\" src=\"https:\/\/angielski-elitarnie.pl\/wp-content\/uploads\/2026\/01\/wyniki-c2.png\" alt=\"\" class=\"!w-full !h-auto !object-contain !opacity-90 group-hover:!opacity-100 !transition-opacity !duration-500 hover:!cursor-pointer\"\/><\/div><\/div><\/div><\/div><div class=\"!text-center !px-4\"><div class=\"!text-[#d7d7d2] !text-base md:!text-lg !leading-relaxed !opacity-80\">Statement Of Result z egzaminu Cambridge C2 Proficiency (CPE) &#8211; potwierdzenie najwy\u017cszego poziomu sprawno\u015bci j\u0119zykowej wed\u0142ug Europejskiego Systemu Opisu Kszta\u0142cenia J\u0119zykowego (CEFR).<\/div><\/div><\/div><div class=\"certificate-item !group\"><div class=\"!relative !mb-8 !transition-transform !duration-500 !ease-out group-hover:!-translate-y-2\"><div class=\"!absolute !-inset-4 !bg-[#c69a48] !rounded-[2rem] !blur-2xl !opacity-0 group-hover:!opacity-20 !transition-opacity !duration-700\"><\/div><div class=\"!relative !p-4 md:!p-6 !rounded-2xl !bg-gradient-to-br !from-[#463f2d] !to-[#2a2d25] !shadow-2xl !border !border-[#c69a48]\/30\"><div class=\"!bg-[#1a1d18] !p-3 md:!p-4 !rounded-xl !shadow-inner\"><div class=\"image-wrapper !bg-[#232720] !rounded-lg !overflow-hidden !relative\"><img decoding=\"async\" src=\"https:\/\/angielski-elitarnie.pl\/wp-content\/uploads\/2026\/01\/CCI_000038-scaled.jpg\" alt=\"\" class=\"!w-full !h-auto !object-contain !opacity-90 group-hover:!opacity-100 !transition-opacity !duration-500 hover:!cursor-pointer\"\/><\/div><\/div><\/div><\/div><div class=\"!text-center !px-4\"><div class=\"!text-[#d7d7d2] !text-base md:!text-lg !leading-relaxed !opacity-80\">Dyplom uko\u0144czenia studi\u00f3w magisterskich na kierunku Filologia Angielska (specjalizacja nauczycielska) w Spo\u0142ecznej Akademii Nauk.<\/div><\/div><\/div><\/div><\/div><\/section><\/div>\n<\/div>\n","protected":false},"excerpt":{"rendered":"","protected":false},"author":2,"featured_media":0,"parent":0,"menu_order":0,"comment_status":"closed","ping_status":"closed","template":"page-no-title","meta":{"footnotes":""},"class_list":["post-157","page","type-page","status-publish","hentry"],"yoast_head":"<!-- This site is optimized with the Yoast SEO plugin v25.7 - https:\/\/yoast.com\/wordpress\/plugins\/seo\/ -->\n<title>Certyfikaty - Angielski Elitarnie<\/title>\n<meta name=\"robots\" content=\"index, follow, max-snippet:-1, max-image-preview:large, max-video-preview:-1\" \/>\n<link rel=\"canonical\" href=\"https:\/\/angielski-elitarnie.pl\/?page_id=157\" \/>\n<meta property=\"og:locale\" content=\"pl_PL\" \/>\n<meta property=\"og:type\" content=\"article\" \/>\n<meta property=\"og:title\" content=\"Certyfikaty - Angielski Elitarnie\" \/>\n<meta property=\"og:url\" content=\"https:\/\/angielski-elitarnie.pl\/?page_id=157\" \/>\n<meta property=\"og:site_name\" content=\"Angielski Elitarnie\" \/>\n<meta property=\"article:publisher\" content=\"https:\/\/www.facebook.com\/people\/Angielski-Elitarnie\/61577183625345\/\" \/>\n<meta property=\"article:modified_time\" content=\"2026-01-25T19:43:58+00:00\" \/>\n<meta property=\"og:image\" content=\"https:\/\/angielski-elitarnie.pl\/wp-content\/uploads\/2026\/01\/wyniki-c2.png\" \/>\n<meta name=\"twitter:card\" content=\"summary_large_image\" \/>\n<meta name=\"twitter:label1\" content=\"Szacowany czas czytania\" \/>\n\t<meta name=\"twitter:data1\" content=\"1 minuta\" \/>\n<script type=\"application\/ld+json\" class=\"yoast-schema-graph\">{\"@context\":\"https:\/\/schema.org\",\"@graph\":[{\"@type\":\"WebPage\",\"@id\":\"https:\/\/angielski-elitarnie.pl\/?page_id=157\",\"url\":\"https:\/\/angielski-elitarnie.pl\/?page_id=157\",\"name\":\"Certyfikaty - Angielski Elitarnie\",\"isPartOf\":{\"@id\":\"https:\/\/angielski-elitarnie.pl\/#website\"},\"primaryImageOfPage\":{\"@id\":\"https:\/\/angielski-elitarnie.pl\/?page_id=157#primaryimage\"},\"image\":{\"@id\":\"https:\/\/angielski-elitarnie.pl\/?page_id=157#primaryimage\"},\"thumbnailUrl\":\"https:\/\/angielski-elitarnie.pl\/wp-content\/uploads\/2026\/01\/wyniki-c2.png\",\"datePublished\":\"2026-01-24T08:20:24+00:00\",\"dateModified\":\"2026-01-25T19:43:58+00:00\",\"breadcrumb\":{\"@id\":\"https:\/\/angielski-elitarnie.pl\/?page_id=157#breadcrumb\"},\"inLanguage\":\"pl-PL\",\"potentialAction\":[{\"@type\":\"ReadAction\",\"target\":[\"https:\/\/angielski-elitarnie.pl\/?page_id=157\"]}]},{\"@type\":\"ImageObject\",\"inLanguage\":\"pl-PL\",\"@id\":\"https:\/\/angielski-elitarnie.pl\/?page_id=157#primaryimage\",\"url\":\"https:\/\/angielski-elitarnie.pl\/wp-content\/uploads\/2026\/01\/wyniki-c2.png\",\"contentUrl\":\"https:\/\/angielski-elitarnie.pl\/wp-content\/uploads\/2026\/01\/wyniki-c2.png\",\"width\":1254,\"height\":1770},{\"@type\":\"BreadcrumbList\",\"@id\":\"https:\/\/angielski-elitarnie.pl\/?page_id=157#breadcrumb\",\"itemListElement\":[{\"@type\":\"ListItem\",\"position\":1,\"name\":\"Strona g\u0142\u00f3wna\",\"item\":\"https:\/\/angielski-elitarnie.pl\/\"},{\"@type\":\"ListItem\",\"position\":2,\"name\":\"Certyfikaty\"}]},{\"@type\":\"WebSite\",\"@id\":\"https:\/\/angielski-elitarnie.pl\/#website\",\"url\":\"https:\/\/angielski-elitarnie.pl\/\",\"name\":\"Angielski Elitarnie\",\"description\":\"Elite English Performance Consulting\",\"publisher\":{\"@id\":\"https:\/\/angielski-elitarnie.pl\/#organization\"},\"potentialAction\":[{\"@type\":\"SearchAction\",\"target\":{\"@type\":\"EntryPoint\",\"urlTemplate\":\"https:\/\/angielski-elitarnie.pl\/?s={search_term_string}\"},\"query-input\":{\"@type\":\"PropertyValueSpecification\",\"valueRequired\":true,\"valueName\":\"search_term_string\"}}],\"inLanguage\":\"pl-PL\"},{\"@type\":\"Organization\",\"@id\":\"https:\/\/angielski-elitarnie.pl\/#organization\",\"name\":\"Angielski Elitarnie\",\"url\":\"https:\/\/angielski-elitarnie.pl\/\",\"logo\":{\"@type\":\"ImageObject\",\"inLanguage\":\"pl-PL\",\"@id\":\"https:\/\/angielski-elitarnie.pl\/#\/schema\/logo\/image\/\",\"url\":\"https:\/\/angielski-elitarnie.pl\/wp-content\/uploads\/2025\/07\/hero-img-mobile-scaled.webp\",\"contentUrl\":\"https:\/\/angielski-elitarnie.pl\/wp-content\/uploads\/2025\/07\/hero-img-mobile-scaled.webp\",\"width\":2560,\"height\":2560,\"caption\":\"Angielski Elitarnie\"},\"image\":{\"@id\":\"https:\/\/angielski-elitarnie.pl\/#\/schema\/logo\/image\/\"},\"sameAs\":[\"https:\/\/www.facebook.com\/people\/Angielski-Elitarnie\/61577183625345\/\",\"https:\/\/www.instagram.com\/angielski_elitarnie\/\"]}]}<\/script>\n<!-- \/ Yoast SEO plugin. -->","yoast_head_json":{"title":"Certyfikaty - Angielski Elitarnie","robots":{"index":"index","follow":"follow","max-snippet":"max-snippet:-1","max-image-preview":"max-image-preview:large","max-video-preview":"max-video-preview:-1"},"canonical":"https:\/\/angielski-elitarnie.pl\/?page_id=157","og_locale":"pl_PL","og_type":"article","og_title":"Certyfikaty - Angielski Elitarnie","og_url":"https:\/\/angielski-elitarnie.pl\/?page_id=157","og_site_name":"Angielski Elitarnie","article_publisher":"https:\/\/www.facebook.com\/people\/Angielski-Elitarnie\/61577183625345\/","article_modified_time":"2026-01-25T19:43:58+00:00","og_image":[{"url":"https:\/\/angielski-elitarnie.pl\/wp-content\/uploads\/2026\/01\/wyniki-c2.png","type":"","width":"","height":""}],"twitter_card":"summary_large_image","twitter_misc":{"Szacowany czas czytania":"1 minuta"},"schema":{"@context":"https:\/\/schema.org","@graph":[{"@type":"WebPage","@id":"https:\/\/angielski-elitarnie.pl\/?page_id=157","url":"https:\/\/angielski-elitarnie.pl\/?page_id=157","name":"Certyfikaty - Angielski Elitarnie","isPartOf":{"@id":"https:\/\/angielski-elitarnie.pl\/#website"},"primaryImageOfPage":{"@id":"https:\/\/angielski-elitarnie.pl\/?page_id=157#primaryimage"},"image":{"@id":"https:\/\/angielski-elitarnie.pl\/?page_id=157#primaryimage"},"thumbnailUrl":"https:\/\/angielski-elitarnie.pl\/wp-content\/uploads\/2026\/01\/wyniki-c2.png","datePublished":"2026-01-24T08:20:24+00:00","dateModified":"2026-01-25T19:43:58+00:00","breadcrumb":{"@id":"https:\/\/angielski-elitarnie.pl\/?page_id=157#breadcrumb"},"inLanguage":"pl-PL","potentialAction":[{"@type":"ReadAction","target":["https:\/\/angielski-elitarnie.pl\/?page_id=157"]}]},{"@type":"ImageObject","inLanguage":"pl-PL","@id":"https:\/\/angielski-elitarnie.pl\/?page_id=157#primaryimage","url":"https:\/\/angielski-elitarnie.pl\/wp-content\/uploads\/2026\/01\/wyniki-c2.png","contentUrl":"https:\/\/angielski-elitarnie.pl\/wp-content\/uploads\/2026\/01\/wyniki-c2.png","width":1254,"height":1770},{"@type":"BreadcrumbList","@id":"https:\/\/angielski-elitarnie.pl\/?page_id=157#breadcrumb","itemListElement":[{"@type":"ListItem","position":1,"name":"Strona g\u0142\u00f3wna","item":"https:\/\/angielski-elitarnie.pl\/"},{"@type":"ListItem","position":2,"name":"Certyfikaty"}]},{"@type":"WebSite","@id":"https:\/\/angielski-elitarnie.pl\/#website","url":"https:\/\/angielski-elitarnie.pl\/","name":"Angielski Elitarnie","description":"Elite English Performance Consulting","publisher":{"@id":"https:\/\/angielski-elitarnie.pl\/#organization"},"potentialAction":[{"@type":"SearchAction","target":{"@type":"EntryPoint","urlTemplate":"https:\/\/angielski-elitarnie.pl\/?s={search_term_string}"},"query-input":{"@type":"PropertyValueSpecification","valueRequired":true,"valueName":"search_term_string"}}],"inLanguage":"pl-PL"},{"@type":"Organization","@id":"https:\/\/angielski-elitarnie.pl\/#organization","name":"Angielski Elitarnie","url":"https:\/\/angielski-elitarnie.pl\/","logo":{"@type":"ImageObject","inLanguage":"pl-PL","@id":"https:\/\/angielski-elitarnie.pl\/#\/schema\/logo\/image\/","url":"https:\/\/angielski-elitarnie.pl\/wp-content\/uploads\/2025\/07\/hero-img-mobile-scaled.webp","contentUrl":"https:\/\/angielski-elitarnie.pl\/wp-content\/uploads\/2025\/07\/hero-img-mobile-scaled.webp","width":2560,"height":2560,"caption":"Angielski Elitarnie"},"image":{"@id":"https:\/\/angielski-elitarnie.pl\/#\/schema\/logo\/image\/"},"sameAs":["https:\/\/www.facebook.com\/people\/Angielski-Elitarnie\/61577183625345\/","https:\/\/www.instagram.com\/angielski_elitarnie\/"]}]}},"_links":{"self":[{"href":"https:\/\/angielski-elitarnie.pl\/index.php?rest_route=\/wp\/v2\/pages\/157","targetHints":{"allow":["GET"]}}],"collection":[{"href":"https:\/\/angielski-elitarnie.pl\/index.php?rest_route=\/wp\/v2\/pages"}],"about":[{"href":"https:\/\/angielski-elitarnie.pl\/index.php?rest_route=\/wp\/v2\/types\/page"}],"author":[{"embeddable":true,"href":"https:\/\/angielski-elitarnie.pl\/index.php?rest_route=\/wp\/v2\/users\/2"}],"replies":[{"embeddable":true,"href":"https:\/\/angielski-elitarnie.pl\/index.php?rest_route=%2Fwp%2Fv2%2Fcomments&post=157"}],"version-history":[{"count":13,"href":"https:\/\/angielski-elitarnie.pl\/index.php?rest_route=\/wp\/v2\/pages\/157\/revisions"}],"predecessor-version":[{"id":182,"href":"https:\/\/angielski-elitarnie.pl\/index.php?rest_route=\/wp\/v2\/pages\/157\/revisions\/182"}],"wp:attachment":[{"href":"https:\/\/angielski-elitarnie.pl\/index.php?rest_route=%2Fwp%2Fv2%2Fmedia&parent=157"}],"curies":[{"name":"wp","href":"https:\/\/api.w.org\/{rel}","templated":true}]}}